{"id":319,"date":"2020-11-30T14:32:51","date_gmt":"2020-11-30T14:32:51","guid":{"rendered":"https:\/\/eyecaptain.de\/?page_id=319"},"modified":"2023-11-15T07:18:42","modified_gmt":"2023-11-15T07:18:42","slug":"apps-mit-deinen-augen-steuern-eye-eye-captain","status":"publish","type":"page","link":"https:\/\/eyecaptain.de\/","title":{"rendered":"Apps mit Deinen Augen steuern? Eye eye, captain!"},"content":{"rendered":"<p>[et_pb_section fb_built=&#8220;1&#8243; fullwidth=&#8220;on&#8220; _builder_version=&#8220;4.7.4&#8243; _module_preset=&#8220;default&#8220;][et_pb_fullwidth_header title=&#8220;Apps mit Deinen Augen steuern? Eye eye, Captain!&#8220; text_orientation=&#8220;center&#8220; header_scroll_down=&#8220;on&#8220; button_one_text=&#8220;Kontakt aufnehmen&#8220; button_two_text=&#8220;Jetzt mithelfen!&#8220; admin_label=&#8220;Vollbreite Kopfzeile&#8220; module_id=&#8220;header&#8220; _builder_version=&#8220;4.7.4&#8243; _module_preset=&#8220;default&#8220; title_text_align=&#8220;center&#8220; title_line_height=&#8220;1.2em&#8220; content_font_size=&#8220;15px&#8220; subhead_text_align=&#8220;center&#8220; background_color=&#8220;#000000&#8243; background_video_mp4=&#8220;http:\/\/eyecaptain.de\/wp-content\/uploads\/2018\/09\/EyeCaptain_website.mp4&#8243; custom_button_one=&#8220;on&#8220; button_one_use_icon=&#8220;off&#8220; custom_button_two=&#8220;on&#8220; button_two_use_icon=&#8220;off&#8220; custom_padding=&#8220;||100px||false|false&#8220; hover_enabled=&#8220;0&#8243; title_font_size_tablet=&#8220;&#8220; title_font_size_phone=&#8220;24px&#8220; title_font_size_last_edited=&#8220;on|phone&#8220; content_text_color_tablet=&#8220;&#8220; content_text_color_phone=&#8220;&#8220; content_text_color_last_edited=&#8220;on|phone&#8220; custom_css_header_container=&#8220;width:100%;&#8220; custom_css_title=&#8220;background-color:rgba(0,0,0,.5);||padding:1.3em;||&#8220; custom_css_content=&#8220;padding:1.3em;||background-color:rgba(0,0,0,.5);||padding-top:0;&#8220; custom_css_button_1=&#8220;width:40%;||max-width:250px;&#8220; custom_css_button_2=&#8220;width:40%;||max-width:250px;&#8220; custom_css_button_1_last_edited=&#8220;on|desktop&#8220; custom_css_button_1_tablet=&#8220;width:40%;||max-width:250px;&#8220; custom_css_button_1_phone=&#8220;width:100%;||margin-right:0;||margin-left:0;&#8220; custom_css_button_2_last_edited=&#8220;on|phone&#8220; custom_css_button_2_phone=&#8220;width:100%;||margin-right:0;||margin-left:0;&#8220; sticky_enabled=&#8220;0&#8243;]<\/p>\n<h4 style=\"text-align: center; line-height: 1.3em;\">EyeCaptain e.V. ist eine soziale Initiative.<br \/> Wir erm\u00f6glichen die Bedienung von Apps allein mit Deinen Augen.<\/h4>\n<p>Kostenfrei. Barrierefrei. Open source.<\/p>\n<p>&nbsp;<\/p>\n<p>[\/et_pb_fullwidth_header][\/et_pb_section][et_pb_section fb_built=&#8220;1&#8243; _builder_version=&#8220;4.7.4&#8243; _module_preset=&#8220;default&#8220; custom_padding=&#8220;||15px|||&#8220;][et_pb_row _builder_version=&#8220;4.7.4&#8243; _module_preset=&#8220;default&#8220;][et_pb_column type=&#8220;4_4&#8243; _builder_version=&#8220;4.7.4&#8243; _module_preset=&#8220;default&#8220;][et_pb_text _builder_version=&#8220;4.7.4&#8243; _module_preset=&#8220;default&#8220;]<\/p>\n<h2>Mehr Autonomie durch mehr Digitalisierung.<\/h2>\n<p>[\/et_pb_text][\/et_pb_column][\/et_pb_row][et_pb_row column_structure=&#8220;3_5,2_5&#8243; _builder_version=&#8220;4.7.4&#8243; _module_preset=&#8220;default&#8220; custom_padding=&#8220;||2px|||&#8220;][et_pb_column type=&#8220;3_5&#8243; _builder_version=&#8220;4.7.4&#8243; _module_preset=&#8220;default&#8220;][et_pb_text _builder_version=&#8220;4.7.4&#8243; _module_preset=&#8220;default&#8220;]<\/p>\n<p><span style=\"font-weight: 400;\">Schon der Griff zum Smartphone stellt f\u00fcr viele Menschen eine un\u00fcberwindbare H\u00fcrde dar, <strong>wenn die H\u00e4nde, z.B. wegen schweren Krankheiten wie ALS oder MS, nicht mehr bewegt werden k\u00f6nnen<\/strong>.<\/span><\/p>\n<p>[\/et_pb_text][et_pb_text _builder_version=&#8220;4.7.4&#8243; _module_preset=&#8220;default&#8220;]<\/p>\n<p><strong>D<\/strong><span><strong>as \u00e4ndern wir mit EyeCaptain und entwickeln einfach und kostenfrei nutzbare Apps, die allein mit den Augen gesteuert werden k\u00f6nnen.<\/strong> Du kannst damit Deine Musik steuern, Social Media nutzen oder Ger\u00e4te bedienen.<\/span><\/p>\n<p>[\/et_pb_text][et_pb_text _builder_version=&#8220;4.7.4&#8243; _module_preset=&#8220;default&#8220;]<\/p>\n<p><span>Autonomie soll nicht davon abh\u00e4ngen, ob sich jemand teure Ger\u00e4te leisten kann oder der Sachbearbeiter deiner Krankenkasse gerade gute Laune hat: <strong>deshalb ist und bleibt EyeCaptain kostenfrei nutzbar.<\/strong><\/span><\/p>\n<p>[\/et_pb_text][\/et_pb_column][et_pb_column type=&#8220;2_5&#8243; _builder_version=&#8220;4.7.4&#8243; _module_preset=&#8220;default&#8220;][et_pb_code _builder_version=&#8220;4.7.4&#8243; _module_preset=&#8220;default&#8220;]<iframe loading=\"lazy\" width=\"560\" height=\"315\" data-src=\"\/\/www.youtube-nocookie.com\/embed\/2QKD0sFAoW8\" src=\"\" frameborder=\"0\" allow=\"accelerometer; autoplay; clipboard-write; encrypted-media; gyroscope; picture-in-picture\" allowfullscreen><\/iframe><!-- [et_pb_line_break_holder] --><script><!-- [et_pb_line_break_holder] -->function init() {<!-- [et_pb_line_break_holder] --> var vidDefer = document.getElementsByTagName('iframe');<!-- [et_pb_line_break_holder] --> for (var i=0; i<vidDefer.length; i++) {<!-- [et_pb_line_break_holder] --> if(vidDefer[i].getAttribute('data-src')) {<!-- [et_pb_line_break_holder] --> vidDefer[i].setAttribute('src',vidDefer[i].getAttribute('data-src'));<!-- [et_pb_line_break_holder] --> } } }<!-- [et_pb_line_break_holder] --> window.onload = init;<!-- [et_pb_line_break_holder] --> <\/script><!-- [et_pb_line_break_holder] --> <!-- [et_pb_line_break_holder] --> [\/et_pb_code][\/et_pb_column][\/et_pb_row][et_pb_row _builder_version=&#8220;4.7.4&#8243; _module_preset=&#8220;default&#8220;][et_pb_column type=&#8220;4_4&#8243; _builder_version=&#8220;4.7.4&#8243; _module_preset=&#8220;default&#8220;][et_pb_divider color=&#8220;#85a8c1&#8243; divider_style=&#8220;ridge&#8220; divider_position=&#8220;center&#8220; divider_weight=&#8220;1px&#8220; _builder_version=&#8220;4.7.4&#8243; _module_preset=&#8220;default&#8220;][\/et_pb_divider][\/et_pb_column][\/et_pb_row][et_pb_row column_structure=&#8220;1_2,1_2&#8243; _builder_version=&#8220;4.7.4&#8243; _module_preset=&#8220;default&#8220;][et_pb_column type=&#8220;1_2&#8243; _builder_version=&#8220;4.7.4&#8243; _module_preset=&#8220;default&#8220;][et_pb_image src=&#8220;http:\/\/eyecaptain.de\/wp-content\/uploads\/2020\/11\/Eyetracking2.jpg&#8220; title_text=&#8220;Eyetracking2&#8243; _builder_version=&#8220;4.7.4&#8243; _module_preset=&#8220;default&#8220;][\/et_pb_image][\/et_pb_column][et_pb_column type=&#8220;1_2&#8243; _builder_version=&#8220;4.7.4&#8243; _module_preset=&#8220;default&#8220;][et_pb_text _builder_version=&#8220;4.7.4&#8243; _module_preset=&#8220;default&#8220;]<\/p>\n<h2>Wie funktioniert EyeCaptain?<\/h2>\n<p>EyeCaptain nutzt <strong>Eyetracking<\/strong>, eine Technologie mit der man messen kann, auf welchen Bereich deines Bildschirms Du gerade blickst. Eine Infrarotkamera an deinem Tablet erkennt Deine Pupillen.\u00a0<\/p>\n<p>Die Steuerung funktioniert dann durch die Bewegungen deiner Augen: <strong>blickst Du z.B. l\u00e4nger auf ein App-Symbol, dann \u00f6ffnet sie sich<\/strong>. Schaust Du auf den &#8222;Absenden&#8220; Knopf, wird Deine Nachricht verschickt.<\/p>\n<p>EyeCaptain ist eine soziale Initiative und bleibt f\u00fcr Dich immer kostenfrei nutzbar. Um die EyeCaptain zu nutzen brauchst Du ein normales Windows-Tablet und einen Eyetracker.<\/p>\n<p>[\/et_pb_text][\/et_pb_column][\/et_pb_row][et_pb_row column_structure=&#8220;1_2,1_2&#8243; _builder_version=&#8220;4.7.4&#8243; _module_preset=&#8220;default&#8220;][et_pb_column type=&#8220;1_2&#8243; _builder_version=&#8220;4.7.4&#8243; _module_preset=&#8220;default&#8220;][et_pb_video src=&#8220;http:\/\/eyecaptain.de\/wp-content\/uploads\/2020\/11\/Social_Media_Short.m4v&#8220; _builder_version=&#8220;4.7.4&#8243; _module_preset=&#8220;default&#8220;][\/et_pb_video][\/et_pb_column][et_pb_column type=&#8220;1_2&#8243; _builder_version=&#8220;4.7.4&#8243; _module_preset=&#8220;default&#8220;][et_pb_text _builder_version=&#8220;4.7.4&#8243; _module_preset=&#8220;default&#8220;]<\/p>\n<h2>Wie kann ich EyeCaptain nutzen?<\/h2>\n<p>EyeCaptain ist noch in einer geschlossenen Beta-Phase. Wir freuen uns, wenn auch Du unsere Software testen willst &#8211; nimm einfach Kontakt zu uns auf! Du hast jetzt schon eine Idee f\u00fcr eine App, die man unbedingt mit den Augen steuern k\u00f6nnen soll? Schreib uns!<\/p>\n<p>[\/et_pb_text][\/et_pb_column][\/et_pb_row][et_pb_row column_structure=&#8220;1_2,1_2&#8243; _builder_version=&#8220;4.7.4&#8243; _module_preset=&#8220;default&#8220;][et_pb_column type=&#8220;1_2&#8243; _builder_version=&#8220;4.7.4&#8243; _module_preset=&#8220;default&#8220;][et_pb_video src=&#8220;http:\/\/eyecaptain.de\/wp-content\/uploads\/2020\/11\/Appstore.m4v&#8220; _builder_version=&#8220;4.7.4&#8243; _module_preset=&#8220;default&#8220;][\/et_pb_video][\/et_pb_column][et_pb_column type=&#8220;1_2&#8243; _builder_version=&#8220;4.7.4&#8243; _module_preset=&#8220;default&#8220;][et_pb_text _builder_version=&#8220;4.7.4&#8243; _module_preset=&#8220;default&#8220;]<\/p>\n<h2>Welche Apps gibt es schon?<\/h2>\n<p>Wir beginnen mit den wichtigsten Dingen: Kommunikation, Musik und Social Media. Unser Framework und App-Store ist aber so gestaltet, dass jede\/r mit ein paar JavaScript Kenntnissen neue Apps bauen kann &#8211; Du kannst fertige Angular-Komponenten aus unseren NPM-Bibliotheken wiederverwenden, z.B. augengesteuerte Buttons, passende Grids, Ladebalken oder Text-Eingabefelder.<\/p>\n<p><strong>Welche App ben\u00f6tigst Du am dringendsten?<\/strong> Wir sind auf Euer Feedback angewiesen um die Entwicklung von Apps zu priorisieren. Schreib uns eine Nachricht, welche App f\u00fcr Dich sinnvoll w\u00e4re!<\/p>\n<p>&nbsp;<\/p>\n<p>[\/et_pb_text][\/et_pb_column][\/et_pb_row][et_pb_row _builder_version=&#8220;4.7.4&#8243; _module_preset=&#8220;default&#8220;][et_pb_column type=&#8220;4_4&#8243; _builder_version=&#8220;4.7.4&#8243; _module_preset=&#8220;default&#8220;][et_pb_divider color=&#8220;#85a8c1&#8243; divider_style=&#8220;ridge&#8220; divider_position=&#8220;center&#8220; divider_weight=&#8220;1px&#8220; _builder_version=&#8220;4.7.4&#8243; _module_preset=&#8220;default&#8220;][\/et_pb_divider][\/et_pb_column][\/et_pb_row][et_pb_row _builder_version=&#8220;4.7.4&#8243; _module_preset=&#8220;default&#8220;][et_pb_column type=&#8220;4_4&#8243; _builder_version=&#8220;4.7.4&#8243; _module_preset=&#8220;default&#8220;][et_pb_code _builder_version=&#8220;4.7.4&#8243; _module_preset=&#8220;default&#8220;]<\/p>\n<div><!-- [et_pb_line_break_holder] -->  <a name=\"unterstuetzen\"><\/a><!-- [et_pb_line_break_holder] --><\/div>\n<p>[\/et_pb_code][et_pb_text _builder_version=&#8220;4.7.4&#8243; _module_preset=&#8220;default&#8220;]<\/p>\n<h1 style=\"text-align: center;\">Hilf mit! Werde auch Du ein EyeCaptain!<\/h1>\n<p>[\/et_pb_text][et_pb_text _builder_version=&#8220;4.7.4&#8243; _module_preset=&#8220;default&#8220; text_orientation=&#8220;center&#8220;]<\/p>\n<p>\u00dcbrigens: wir sind ein gemeinn\u00fctziger eingetragener Verein und stellen Dir eine Spendenbescheinigung aus, sodass Du Deine Spende steuerlich geltend machen kannst.\u00a0<a href=\"https:\/\/www.youtube.com\/watch?v=mahy0G5YPjc\" target=\"_blank\" rel=\"noopener noreferrer\">Hier erkl\u00e4rt\u00a0<\/a>der VHL wie&#8217;s geht.<\/p>\n<p>[\/et_pb_text][\/et_pb_column][\/et_pb_row][et_pb_row column_structure=&#8220;1_3,1_3,1_3&#8243; _builder_version=&#8220;4.7.4&#8243; _module_preset=&#8220;default&#8220;][et_pb_column type=&#8220;1_3&#8243; _builder_version=&#8220;4.7.4&#8243; _module_preset=&#8220;default&#8220;][et_pb_text _builder_version=&#8220;4.7.4&#8243; _module_preset=&#8220;default&#8220;]<\/p>\n<h3 style=\"text-align: center;\">Einmalige Spende<\/h3>\n<p>Spende einen beliebigen einmaligen Betrag. Damit hilfst Du uns, einen Teil unserer Entwicklung zu voranzutreiben!<\/p>\n<p>[\/et_pb_text][et_pb_button button_url=&#8220;https:\/\/www.paypal.com\/donate?hosted_button_id=KT63S594QCVW2&#8243; url_new_window=&#8220;on&#8220; button_text=&#8220;Einmalig spenden!&#8220; button_alignment=&#8220;center&#8220; _builder_version=&#8220;4.7.4&#8243; _module_preset=&#8220;default&#8220; custom_button=&#8220;on&#8220; button_text_color=&#8220;#000000&#8243; button_use_icon=&#8220;off&#8220;][\/et_pb_button][\/et_pb_column][et_pb_column type=&#8220;1_3&#8243; _builder_version=&#8220;4.7.4&#8243; _module_preset=&#8220;default&#8220;][et_pb_text _builder_version=&#8220;4.7.4&#8243; _module_preset=&#8220;default&#8220; link_option_url=&#8220;\/werde-ein-eyecaptain&#8220;]<\/p>\n<h3 style=\"text-align: center;\">Monatliche Spende<\/h3>\n<p>Mit einer regelm\u00e4\u00dfigen Spende hilfst Du uns, eine nachhaltige Finanzierung f\u00fcr unsere Arbeit aufzubauen.<\/p>\n<p>[\/et_pb_text][et_pb_button button_url=&#8220;\/werde-auch-du-ein-eyecaptain&#8220; button_text=&#8220;Ein EyeCaptain werden!&#8220; button_alignment=&#8220;center&#8220; _builder_version=&#8220;4.7.4&#8243; _module_preset=&#8220;default&#8220; custom_button=&#8220;on&#8220; button_text_color=&#8220;#000000&#8243; button_use_icon=&#8220;off&#8220;][\/et_pb_button][\/et_pb_column][et_pb_column type=&#8220;1_3&#8243; _builder_version=&#8220;4.7.4&#8243; _module_preset=&#8220;default&#8220;][et_pb_text _builder_version=&#8220;4.7.4&#8243; _module_preset=&#8220;default&#8220;]<\/p>\n<h3 style=\"text-align: center;\">Engagier dich bei uns<\/h3>\n<p>Du bist selbst EntwicklerIn, UI-DesignerIn, kennst Dich mit Fundraising aus oder hast eine Idee um EyeCaptain voran zu bringen?<\/p>\n<p>[\/et_pb_text][et_pb_button button_text=&#8220;Schreib uns!&#8220; button_alignment=&#8220;center&#8220; module_id=&#8220;schreibuns&#8220; _builder_version=&#8220;4.7.4&#8243; _module_preset=&#8220;default&#8220; custom_button=&#8220;on&#8220; button_text_color=&#8220;#000000&#8243; button_use_icon=&#8220;off&#8220;][\/et_pb_button][\/et_pb_column][\/et_pb_row][et_pb_row _builder_version=&#8220;4.7.4&#8243; _module_preset=&#8220;default&#8220;][et_pb_column type=&#8220;4_4&#8243; _builder_version=&#8220;4.7.4&#8243; _module_preset=&#8220;default&#8220;][et_pb_divider _builder_version=&#8220;4.7.4&#8243; _module_preset=&#8220;default&#8220;][\/et_pb_divider][et_pb_text _builder_version=&#8220;4.7.4&#8243; _module_preset=&#8220;default&#8220;]<\/p>\n<p style=\"text-align: center;\">Keine Lust auf PayPal oder Kreditkarte? Du kannst auch ganz klassisch per \u00dcberweisung spenden.\u00a0Hier ist unsere Kontoverbindung:<\/p>\n<p style=\"text-align: center;\">EyeCaptain e.V.<br \/> Volksbank Freiburg eG<br \/> IBAN:\u00a0<span data-sheets-value=\"{&quot;1&quot;:2,&quot;2&quot;:&quot;DE85680900000042953300&quot;}\" data-sheets-userformat=\"{&quot;2&quot;:10819,&quot;3&quot;:{&quot;1&quot;:0},&quot;4&quot;:[null,2,16777215],&quot;9&quot;:0,&quot;12&quot;:0,&quot;14&quot;:[null,2,2236962],&quot;16&quot;:12}\">DE85680900000042953300<br \/> <\/span><span data-sheets-value=\"{&quot;1&quot;:2,&quot;2&quot;:&quot;DE85680900000042953300&quot;}\" data-sheets-userformat=\"{&quot;2&quot;:10819,&quot;3&quot;:{&quot;1&quot;:0},&quot;4&quot;:[null,2,16777215],&quot;9&quot;:0,&quot;12&quot;:0,&quot;14&quot;:[null,2,2236962],&quot;16&quot;:12}\">BIC:\u00a0GENODE61FR1<\/span><\/p>\n<p>&nbsp;<\/p>\n<p>[\/et_pb_text][et_pb_divider _builder_version=&#8220;4.7.4&#8243; _module_preset=&#8220;default&#8220;][\/et_pb_divider][\/et_pb_column][\/et_pb_row][\/et_pb_section][et_pb_section fb_built=&#8220;1&#8243; _builder_version=&#8220;4.7.4&#8243; _module_preset=&#8220;default&#8220;][et_pb_row column_structure=&#8220;1_2,1_2&#8243; _builder_version=&#8220;4.7.4&#8243; _module_preset=&#8220;default&#8220;][et_pb_column type=&#8220;1_2&#8243; _builder_version=&#8220;4.7.4&#8243; _module_preset=&#8220;default&#8220;][et_pb_image src=&#8220;http:\/\/eyecaptain.de\/wp-content\/uploads\/2018\/06\/GRUPPE_WEB.jpg&#8220; title_text=&#8220;GRUPPE_WEB&#8220; _builder_version=&#8220;4.7.4&#8243; _module_preset=&#8220;default&#8220;][\/et_pb_image][\/et_pb_column][et_pb_column type=&#8220;1_2&#8243; _builder_version=&#8220;4.7.4&#8243; _module_preset=&#8220;default&#8220;][et_pb_code _builder_version=&#8220;4.7.4&#8243; _module_preset=&#8220;default&#8220; hover_enabled=&#8220;0&#8243; sticky_enabled=&#8220;0&#8243;]<a name=\"kontakt\"><\/a><!-- [et_pb_line_break_holder] --><\/p>\n<h3><!-- [et_pb_line_break_holder] -->  Leider ist unser Vorhaben EyeCaptain ist im Moment pausiert.[\/et_pb_code][et_pb_contact_form use_spam_service=&#8220;on&#8220; recaptcha_list=&#8220;eyecaptain-markus-gmail|eyecaptain-markus-gmail-0&#8243; recaptcha_min_score=&#8220;0.3&#8243; title=&#8220;Du willst unser System testen oder hast eine Idee? Schreib uns!&#8220; success_message=&#8220;Vielen Dank f\u00fcr Deine Nachricht, wir melden uns bald bei Dir!&#8220; submit_button_text=&#8220;Abschicken!&#8220; _builder_version=&#8220;4.7.4&#8243; _module_preset=&#8220;default&#8220; title_text_align=&#8220;center&#8220; title_line_height=&#8220;1.9em&#8220; hover_enabled=&#8220;0&#8243; sticky_enabled=&#8220;0&#8243; custom_css_main_element=&#8220;display: none;&#8220;][et_pb_contact_field field_id=&#8220;Name&#8220; field_title=&#8220;Name&#8220; _builder_version=&#8220;3.16&#8243; button_text_size__hover_enabled=&#8220;off&#8220; button_one_text_size__hover_enabled=&#8220;off&#8220; button_two_text_size__hover_enabled=&#8220;off&#8220; button_text_color__hover_enabled=&#8220;off&#8220; button_one_text_color__hover_enabled=&#8220;off&#8220; button_two_text_color__hover_enabled=&#8220;off&#8220; button_border_width__hover_enabled=&#8220;off&#8220; button_one_border_width__hover_enabled=&#8220;off&#8220; button_two_border_width__hover_enabled=&#8220;off&#8220; button_border_color__hover_enabled=&#8220;off&#8220; button_one_border_color__hover_enabled=&#8220;off&#8220; button_two_border_color__hover_enabled=&#8220;off&#8220; button_border_radius__hover_enabled=&#8220;off&#8220; button_one_border_radius__hover_enabled=&#8220;off&#8220; button_two_border_radius__hover_enabled=&#8220;off&#8220; button_letter_spacing__hover_enabled=&#8220;off&#8220; button_one_letter_spacing__hover_enabled=&#8220;off&#8220; button_two_letter_spacing__hover_enabled=&#8220;off&#8220; button_bg_color__hover_enabled=&#8220;off&#8220; button_one_bg_color__hover_enabled=&#8220;off&#8220; button_two_bg_color__hover_enabled=&#8220;off&#8220;][\/et_pb_contact_field][et_pb_contact_field field_id=&#8220;Email&#8220; field_title=&#8220;E-Mail-Adresse&#8220; field_type=&#8220;email&#8220; _builder_version=&#8220;3.16&#8243; button_text_size__hover_enabled=&#8220;off&#8220; button_one_text_size__hover_enabled=&#8220;off&#8220; button_two_text_size__hover_enabled=&#8220;off&#8220; button_text_color__hover_enabled=&#8220;off&#8220; button_one_text_color__hover_enabled=&#8220;off&#8220; button_two_text_color__hover_enabled=&#8220;off&#8220; button_border_width__hover_enabled=&#8220;off&#8220; button_one_border_width__hover_enabled=&#8220;off&#8220; button_two_border_width__hover_enabled=&#8220;off&#8220; button_border_color__hover_enabled=&#8220;off&#8220; button_one_border_color__hover_enabled=&#8220;off&#8220; button_two_border_color__hover_enabled=&#8220;off&#8220; button_border_radius__hover_enabled=&#8220;off&#8220; button_one_border_radius__hover_enabled=&#8220;off&#8220; button_two_border_radius__hover_enabled=&#8220;off&#8220; button_letter_spacing__hover_enabled=&#8220;off&#8220; button_one_letter_spacing__hover_enabled=&#8220;off&#8220; button_two_letter_spacing__hover_enabled=&#8220;off&#8220; button_bg_color__hover_enabled=&#8220;off&#8220; button_one_bg_color__hover_enabled=&#8220;off&#8220; button_two_bg_color__hover_enabled=&#8220;off&#8220;][\/et_pb_contact_field][et_pb_contact_field field_id=&#8220;Message&#8220; field_title=&#8220;Deine Nachricht an uns: schreib uns ein paar Zeilen &#8230; &#8220; field_type=&#8220;text&#8220; fullwidth_field=&#8220;on&#8220; _builder_version=&#8220;4.7.4&#8243; button_text_size__hover_enabled=&#8220;off&#8220; button_one_text_size__hover_enabled=&#8220;off&#8220; button_two_text_size__hover_enabled=&#8220;off&#8220; button_text_color__hover_enabled=&#8220;off&#8220; button_one_text_color__hover_enabled=&#8220;off&#8220; button_two_text_color__hover_enabled=&#8220;off&#8220; button_border_width__hover_enabled=&#8220;off&#8220; button_one_border_width__hover_enabled=&#8220;off&#8220; button_two_border_width__hover_enabled=&#8220;off&#8220; button_border_color__hover_enabled=&#8220;off&#8220; button_one_border_color__hover_enabled=&#8220;off&#8220; button_two_border_color__hover_enabled=&#8220;off&#8220; button_border_radius__hover_enabled=&#8220;off&#8220; button_one_border_radius__hover_enabled=&#8220;off&#8220; button_two_border_radius__hover_enabled=&#8220;off&#8220; button_letter_spacing__hover_enabled=&#8220;off&#8220; button_one_letter_spacing__hover_enabled=&#8220;off&#8220; button_two_letter_spacing__hover_enabled=&#8220;off&#8220; button_bg_color__hover_enabled=&#8220;off&#8220; button_one_bg_color__hover_enabled=&#8220;off&#8220; button_two_bg_color__hover_enabled=&#8220;off&#8220;][\/et_pb_contact_field][et_pb_contact_field field_id=&#8220;Field_4&#8243; field_title=&#8220;Wie hast Du von uns erfahren?&#8220; required_mark=&#8220;off&#8220; fullwidth_field=&#8220;on&#8220; _builder_version=&#8220;4.7.4&#8243; _module_preset=&#8220;default&#8220;][\/et_pb_contact_field][\/et_pb_contact_form][\/et_pb_column][\/et_pb_row][\/et_pb_section][et_pb_section fb_built=&#8220;1&#8243; _builder_version=&#8220;4.7.4&#8243; _module_preset=&#8220;default&#8220;][et_pb_row _builder_version=&#8220;4.7.4&#8243; _module_preset=&#8220;default&#8220;][et_pb_column type=&#8220;4_4&#8243; _builder_version=&#8220;4.7.4&#8243; _module_preset=&#8220;default&#8220;][et_pb_text _builder_version=&#8220;4.7.4&#8243; _module_preset=&#8220;default&#8220;]<center><\/p>\n<p style=\"color: black; font-weight: bold;\">Gef\u00f6rdert vom<\/p>\n<p><img decoding=\"async\" src=\"http:\/\/eyecaptain.de\/wp-content\/uploads\/2020\/11\/800px-BMBF_Logo.svg_.png\" style=\"display: block; margin-left: auto; margin-right: auto; width:80%; max-width:350px\" alt=\"\"\/><\/center>[\/et_pb_text][\/et_pb_column][\/et_pb_row][\/et_pb_section]<\/p>\n","protected":false},"excerpt":{"rendered":"<p>[et_pb_section fb_built=&#8220;1&#8243; fullwidth=&#8220;on&#8220; _builder_version=&#8220;4.7.4&#8243; _module_preset=&#8220;default&#8220;][et_pb_fullwidth_header title=&#8220;Apps mit Deinen Augen steuern? Eye eye, Captain!&#8220; text_orientation=&#8220;center&#8220; header_scroll_down=&#8220;on&#8220; button_one_text=&#8220;Kontakt aufnehmen&#8220; button_two_text=&#8220;Jetzt mithelfen!&#8220; admin_label=&#8220;Vollbreite Kopfzeile&#8220; module_id=&#8220;header&#8220; _builder_version=&#8220;4.7.4&#8243; _module_preset=&#8220;default&#8220; title_text_align=&#8220;center&#8220; title_line_height=&#8220;1.2em&#8220; content_font_size=&#8220;15px&#8220; subhead_text_align=&#8220;center&#8220; background_color=&#8220;#000000&#8243; background_video_mp4=&#8220;http:\/\/eyecaptain.de\/wp-content\/uploads\/2018\/09\/EyeCaptain_website.mp4&#8243; custom_button_one=&#8220;on&#8220; button_one_use_icon=&#8220;off&#8220; custom_button_two=&#8220;on&#8220; button_two_use_icon=&#8220;off&#8220; custom_padding=&#8220;||100px||false|false&#8220; hover_enabled=&#8220;0&#8243; title_font_size_tablet=&#8220;&#8220; title_font_size_phone=&#8220;24px&#8220; title_font_size_last_edited=&#8220;on|phone&#8220; content_text_color_tablet=&#8220;&#8220; content_text_color_phone=&#8220;&#8220; content_text_color_last_edited=&#8220;on|phone&#8220; custom_css_header_container=&#8220;width:100%;&#8220; custom_css_title=&#8220;background-color:rgba(0,0,0,.5);||padding:1.3em;||&#8220; custom_css_content=&#8220;padding:1.3em;||background-color:rgba(0,0,0,.5);||padding-top:0;&#8220; custom_css_button_1=&#8220;width:40%;||max-width:250px;&#8220; custom_css_button_2=&#8220;width:40%;||max-width:250px;&#8220; custom_css_button_1_last_edited=&#8220;on|desktop&#8220; custom_css_button_1_tablet=&#8220;width:40%;||max-width:250px;&#8220; custom_css_button_1_phone=&#8220;width:100%;||margin-right:0;||margin-left:0;&#8220; custom_css_button_2_last_edited=&#8220;on|phone&#8220; custom_css_button_2_phone=&#8220;width:100%;||margin-right:0;||margin-left:0;&#8220; sticky_enabled=&#8220;0&#8243;] EyeCaptain e.V. [&hellip;]<\/p>\n","protected":false},"author":2,"featured_media":0,"parent":0,"menu_order":0,"comment_status":"closed","ping_status":"closed","template":"","meta":{"_et_pb_use_builder":"on","_et_pb_old_content":"","_et_gb_content_width":"","footnotes":""},"class_list":["post-319","page","type-page","status-publish","hentry"],"_links":{"self":[{"href":"https:\/\/eyecaptain.de\/index.php?rest_route=\/wp\/v2\/pages\/319","targetHints":{"allow":["GET"]}}],"collection":[{"href":"https:\/\/eyecaptain.de\/index.php?rest_route=\/wp\/v2\/pages"}],"about":[{"href":"https:\/\/eyecaptain.de\/index.php?rest_route=\/wp\/v2\/types\/page"}],"author":[{"embeddable":true,"href":"https:\/\/eyecaptain.de\/index.php?rest_route=\/wp\/v2\/users\/2"}],"replies":[{"embeddable":true,"href":"https:\/\/eyecaptain.de\/index.php?rest_route=%2Fwp%2Fv2%2Fcomments&post=319"}],"version-history":[{"count":59,"href":"https:\/\/eyecaptain.de\/index.php?rest_route=\/wp\/v2\/pages\/319\/revisions"}],"predecessor-version":[{"id":755,"href":"https:\/\/eyecaptain.de\/index.php?rest_route=\/wp\/v2\/pages\/319\/revisions\/755"}],"wp:attachment":[{"href":"https:\/\/eyecaptain.de\/index.php?rest_route=%2Fwp%2Fv2%2Fmedia&parent=319"}],"curies":[{"name":"wp","href":"https:\/\/api.w.org\/{rel}","templated":true}]}}